{"id":258,"date":"2026-03-18T02:04:48","date_gmt":"2026-03-18T02:04:48","guid":{"rendered":"https:\/\/4kstreamgo.com\/test\/"},"modified":"2026-05-04T16:35:02","modified_gmt":"2026-05-04T16:35:02","slug":"products","status":"publish","type":"page","link":"https:\/\/4kstreamgo.com\/de\/products\/","title":{"rendered":"Products"},"content":{"rendered":"<div data-elementor-type=\"wp-page\" data-elementor-id=\"258\" class=\"elementor elementor-258\">\n\t\t\t\t<div class=\"elementor-element elementor-element-43dc508 elementor-hidden-tablet elementor-hidden-mobile e-flex e-con-boxed e-con e-parent\" data-id=\"43dc508\" data-element_type=\"container\" data-e-type=\"container\" data-settings=\"{&quot;background_background&quot;:&quot;gradient&quot;}\">\n\t\t\t\t\t<div class=\"e-con-inner\">\n\t\t\t\t<div class=\"elementor-element elementor-element-06a9a07 elementor-widget elementor-widget-woocommerce-products\" data-id=\"06a9a07\" data-element_type=\"widget\" data-e-type=\"widget\" data-widget_type=\"woocommerce-products.default\">\n\t\t\t\t<div class=\"elementor-widget-container\">\n\t\t\t\t\t \t\t\t\t<\/div>\n\t\t\t\t<\/div>\n\t\t\t\t\t<\/div>\n\t\t\t\t<\/div>\n\t\t<div class=\"elementor-element elementor-element-ad28afa elementor-hidden-desktop e-flex e-con-boxed e-con e-parent\" data-id=\"ad28afa\" data-element_type=\"container\" data-e-type=\"container\" data-settings=\"{&quot;background_background&quot;:&quot;gradient&quot;}\">\n\t\t\t\t\t<div class=\"e-con-inner\">\n\t\t\t\t<div class=\"elementor-element elementor-element-107c992 elementor-widget elementor-widget-woocommerce-products\" data-id=\"107c992\" data-element_type=\"widget\" data-e-type=\"widget\" data-widget_type=\"woocommerce-products.default\">\n\t\t\t\t<div class=\"elementor-widget-container\">\n\t\t\t\t\t \t\t\t\t<\/div>\n\t\t\t\t<\/div>\n\t\t\t\t\t<\/div>\n\t\t\t\t<\/div>\n\t\t<div class=\"elementor-element elementor-element-1522b35 e-flex e-con-boxed e-con e-parent\" data-id=\"1522b35\" data-element_type=\"container\" data-e-type=\"container\" data-settings=\"{&quot;background_background&quot;:&quot;gradient&quot;}\">\n\t\t\t\t\t<div class=\"e-con-inner\">\n\t\t\t\t\t<\/div>\n\t\t\t\t<\/div>\n\t\t<div class=\"elementor-element elementor-element-52b23cd elementor-hidden-tablet elementor-hidden-mobile e-flex e-con-boxed e-con e-parent\" data-id=\"52b23cd\" data-element_type=\"container\" data-e-type=\"container\" data-settings=\"{&quot;background_background&quot;:&quot;gradient&quot;}\">\n\t\t\t\t\t<div class=\"e-con-inner\">\n\t\t\t\t<div class=\"elementor-element elementor-element-5b557e0 elementor-widget elementor-widget-image\" data-id=\"5b557e0\" data-element_type=\"widget\" data-e-type=\"widget\" data-widget_type=\"image.default\">\n\t\t\t\t\t\t\t\t\t\t\t\t\t\t\t<img decoding=\"async\" src=\"https:\/\/4kstreamgo.com\/wp-content\/uploads\/2026\/03\/table.jpeg\" title=\"\" alt=\"\" loading=\"lazy\" \/>\t\t\t\t\t\t\t\t\t\t\t\t\t\t\t<\/div>\n\t\t\t\t\t<\/div>\n\t\t\t\t<\/div>\n\t\t<div class=\"elementor-element elementor-element-af0810a e-flex e-con-boxed e-con e-parent\" data-id=\"af0810a\" data-element_type=\"container\" data-e-type=\"container\" data-settings=\"{&quot;background_background&quot;:&quot;gradient&quot;}\">\n\t\t\t\t\t<div class=\"e-con-inner\">\n\t\t\t\t\t<\/div>\n\t\t\t\t<\/div>\n\t\t<div class=\"elementor-element elementor-element-c7095a9 elementor-hidden-tablet elementor-hidden-mobile e-flex e-con-boxed e-con e-parent\" data-id=\"c7095a9\" data-element_type=\"container\" data-e-type=\"container\" data-settings=\"{&quot;background_background&quot;:&quot;gradient&quot;}\">\n\t\t\t\t\t<div class=\"e-con-inner\">\n\t\t<div class=\"elementor-element elementor-element-332e9ad e-con-full e-flex e-con e-child\" data-id=\"332e9ad\" data-element_type=\"container\" data-e-type=\"container\">\n\t\t\t\t<div class=\"elementor-element elementor-element-788bfb4 elementor-widget elementor-widget-image\" data-id=\"788bfb4\" data-element_type=\"widget\" data-e-type=\"widget\" data-widget_type=\"image.default\">\n\t\t\t\t\t\t\t\t\t\t\t\t\t\t\t<img fetchpriority=\"high\" decoding=\"async\" width=\"1536\" height=\"1024\" src=\"https:\/\/4kstreamgo.com\/wp-content\/uploads\/2026\/03\/ChatGPT-Image-Mar-24-2026-01_38_19-PM.png\" class=\"attachment-full size-full wp-image-1158\" alt=\"\" srcset=\"https:\/\/4kstreamgo.com\/wp-content\/uploads\/2026\/03\/ChatGPT-Image-Mar-24-2026-01_38_19-PM.png 1536w, https:\/\/4kstreamgo.com\/wp-content\/uploads\/2026\/03\/ChatGPT-Image-Mar-24-2026-01_38_19-PM-600x400.png 600w, https:\/\/4kstreamgo.com\/wp-content\/uploads\/2026\/03\/ChatGPT-Image-Mar-24-2026-01_38_19-PM-300x200.png 300w, https:\/\/4kstreamgo.com\/wp-content\/uploads\/2026\/03\/ChatGPT-Image-Mar-24-2026-01_38_19-PM-1024x683.png 1024w, https:\/\/4kstreamgo.com\/wp-content\/uploads\/2026\/03\/ChatGPT-Image-Mar-24-2026-01_38_19-PM-768x512.png 768w\" sizes=\"(max-width: 1536px) 100vw, 1536px\" \/>\t\t\t\t\t\t\t\t\t\t\t\t\t\t\t<\/div>\n\t\t<div class=\"elementor-element elementor-element-302d523 e-con-full e-flex e-con e-child\" data-id=\"302d523\" data-element_type=\"container\" data-e-type=\"container\" data-settings=\"{&quot;background_background&quot;:&quot;gradient&quot;}\">\n\t\t\t\t<div class=\"elementor-element elementor-element-45fbd12 elementor-widget elementor-widget-heading\" data-id=\"45fbd12\" data-element_type=\"widget\" data-e-type=\"widget\" data-widget_type=\"heading.default\">\n\t\t\t\t\t<h2 class=\"elementor-heading-title elementor-size-default\">Sehen Sie IP-TV \u00fcberall und jederzeit<\/h2>\t\t\t\t<\/div>\n\t\t\t\t<div class=\"elementor-element elementor-element-3f72749 elementor-widget elementor-widget-text-editor\" data-id=\"3f72749\" data-element_type=\"widget\" data-e-type=\"widget\" data-widget_type=\"text-editor.default\">\n\t\t\t\t\t\t\t\t\t<p>\u00dcber 22.500 Live-TV-Sender. IPTV jederzeit und \u00fcberall genie\u00dfen. Erleben Sie den besten IPTV-Service aus den nordischen L\u00e4ndern zu g\u00fcnstigen Preisen! Registrieren Sie sich jetzt und erhalten Sie Zugriff auf \u00fcber 22.500 Live-TV-Sender weltweit sowie 120.000 Filme und Serien (Video-on-Demand) mit EPG, der auf all Ihren Lieblingsger\u00e4ten funktioniert.<\/p>\t\t\t\t\t\t\t\t<\/div>\n\t\t\t\t<div class=\"elementor-element elementor-element-2af0149 elementor-widget elementor-widget-button\" data-id=\"2af0149\" data-element_type=\"widget\" data-e-type=\"widget\" data-widget_type=\"button.default\">\n\t\t\t\t\t\t\t\t\t\t<a class=\"elementor-button elementor-button-link elementor-size-sm\" href=\"https:\/\/wa.me\/491748799471?text=Hello%20I%20would%20like%20a%2024-hour%20free%20trial%20for%204KStreamGO\">\n\t\t\t\t\t\t<span class=\"elementor-button-content-wrapper\">\n\t\t\t\t\t\t\t\t\t<span class=\"elementor-button-text\">Kostenlose Testversion<\/span>\n\t\t\t\t\t<\/span>\n\t\t\t\t\t<\/a>\n\t\t\t\t\t\t\t\t<\/div>\n\t\t\t\t<\/div>\n\t\t\t\t<\/div>\n\t\t\t\t\t<\/div>\n\t\t\t\t<\/div>\n\t\t<div class=\"elementor-element elementor-element-bf91210 elementor-hidden-desktop e-flex e-con-boxed e-con e-parent\" data-id=\"bf91210\" data-element_type=\"container\" data-e-type=\"container\" data-settings=\"{&quot;background_background&quot;:&quot;gradient&quot;}\">\n\t\t\t\t\t<div class=\"e-con-inner\">\n\t\t<div class=\"elementor-element elementor-element-c66fb12 e-con-full e-flex e-con e-child\" data-id=\"c66fb12\" data-element_type=\"container\" data-e-type=\"container\">\n\t\t\t\t<div class=\"elementor-element elementor-element-de6d84a elementor-widget elementor-widget-image\" data-id=\"de6d84a\" data-element_type=\"widget\" data-e-type=\"widget\" data-widget_type=\"image.default\">\n\t\t\t\t\t\t\t\t\t\t\t\t\t\t\t<img fetchpriority=\"high\" decoding=\"async\" width=\"1536\" height=\"1024\" src=\"https:\/\/4kstreamgo.com\/wp-content\/uploads\/2026\/03\/ChatGPT-Image-Mar-24-2026-01_38_19-PM.png\" class=\"attachment-full size-full wp-image-1158\" alt=\"\" srcset=\"https:\/\/4kstreamgo.com\/wp-content\/uploads\/2026\/03\/ChatGPT-Image-Mar-24-2026-01_38_19-PM.png 1536w, https:\/\/4kstreamgo.com\/wp-content\/uploads\/2026\/03\/ChatGPT-Image-Mar-24-2026-01_38_19-PM-600x400.png 600w, https:\/\/4kstreamgo.com\/wp-content\/uploads\/2026\/03\/ChatGPT-Image-Mar-24-2026-01_38_19-PM-300x200.png 300w, https:\/\/4kstreamgo.com\/wp-content\/uploads\/2026\/03\/ChatGPT-Image-Mar-24-2026-01_38_19-PM-1024x683.png 1024w, https:\/\/4kstreamgo.com\/wp-content\/uploads\/2026\/03\/ChatGPT-Image-Mar-24-2026-01_38_19-PM-768x512.png 768w\" sizes=\"(max-width: 1536px) 100vw, 1536px\" \/>\t\t\t\t\t\t\t\t\t\t\t\t\t\t\t<\/div>\n\t\t<div class=\"elementor-element elementor-element-12ee561 e-con-full e-flex e-con e-child\" data-id=\"12ee561\" data-element_type=\"container\" data-e-type=\"container\" data-settings=\"{&quot;background_background&quot;:&quot;gradient&quot;}\">\n\t\t\t\t<div class=\"elementor-element elementor-element-dc31746 elementor-widget elementor-widget-heading\" data-id=\"dc31746\" data-element_type=\"widget\" data-e-type=\"widget\" data-widget_type=\"heading.default\">\n\t\t\t\t\t<h2 class=\"elementor-heading-title elementor-size-default\">Sehen Sie IP-TV \u00fcberall und jederzeit<\/h2>\t\t\t\t<\/div>\n\t\t\t\t<div class=\"elementor-element elementor-element-c07ffda elementor-widget elementor-widget-text-editor\" data-id=\"c07ffda\" data-element_type=\"widget\" data-e-type=\"widget\" data-widget_type=\"text-editor.default\">\n\t\t\t\t\t\t\t\t\t<p>\u00dcber 22.500 Live-TV-Sender. IPTV jederzeit und \u00fcberall genie\u00dfen. Erleben Sie den besten IPTV-Service aus den nordischen L\u00e4ndern zu g\u00fcnstigen Preisen! Registrieren Sie sich jetzt und erhalten Sie Zugriff auf \u00fcber 22.500 Live-TV-Sender weltweit sowie 120.000 Filme und Serien (Video-on-Demand) mit EPG, der auf all Ihren Lieblingsger\u00e4ten funktioniert.<\/p>\t\t\t\t\t\t\t\t<\/div>\n\t\t\t\t<div class=\"elementor-element elementor-element-841f46b elementor-widget elementor-widget-button\" data-id=\"841f46b\" data-element_type=\"widget\" data-e-type=\"widget\" data-widget_type=\"button.default\">\n\t\t\t\t\t\t\t\t\t\t<a class=\"elementor-button elementor-button-link elementor-size-sm\" href=\"https:\/\/wa.me\/491748799471?text=Hello%20I%20would%20like%20a%2024-hour%20free%20trial%20for%204KStreamGO\">\n\t\t\t\t\t\t<span class=\"elementor-button-content-wrapper\">\n\t\t\t\t\t\t\t\t\t<span class=\"elementor-button-text\">Kostenlose Testversion<\/span>\n\t\t\t\t\t<\/span>\n\t\t\t\t\t<\/a>\n\t\t\t\t\t\t\t\t<\/div>\n\t\t\t\t<\/div>\n\t\t\t\t<\/div>\n\t\t\t\t\t<\/div>\n\t\t\t\t<\/div>\n\t\t<div class=\"elementor-element elementor-element-07d40c0 elementor-hidden-tablet elementor-hidden-mobile e-flex e-con-boxed e-con e-parent\" data-id=\"07d40c0\" data-element_type=\"container\" data-e-type=\"container\" data-settings=\"{&quot;background_background&quot;:&quot;gradient&quot;}\">\n\t\t\t\t\t<div class=\"e-con-inner\">\n\t\t\t\t<div class=\"elementor-element elementor-element-d20fb56 elementor-widget elementor-widget-image\" data-id=\"d20fb56\" data-element_type=\"widget\" data-e-type=\"widget\" data-widget_type=\"image.default\">\n\t\t\t\t\t\t\t\t\t\t\t\t\t\t\t<img decoding=\"async\" width=\"611\" height=\"426\" src=\"https:\/\/4kstreamgo.com\/wp-content\/uploads\/2026\/03\/ChatGPT-Image-Mar-21-2026-01_50_13-AM.png\" class=\"attachment-large size-large wp-image-977\" alt=\"\" srcset=\"https:\/\/4kstreamgo.com\/wp-content\/uploads\/2026\/03\/ChatGPT-Image-Mar-21-2026-01_50_13-AM.png 611w, https:\/\/4kstreamgo.com\/wp-content\/uploads\/2026\/03\/ChatGPT-Image-Mar-21-2026-01_50_13-AM-600x418.png 600w, https:\/\/4kstreamgo.com\/wp-content\/uploads\/2026\/03\/ChatGPT-Image-Mar-21-2026-01_50_13-AM-300x209.png 300w\" sizes=\"(max-width: 611px) 100vw, 611px\" \/>\t\t\t\t\t\t\t\t\t\t\t\t\t\t\t<\/div>\n\t\t\t\t<div class=\"elementor-element elementor-element-4442bc2 elementor-widget elementor-widget-heading\" data-id=\"4442bc2\" data-element_type=\"widget\" data-e-type=\"widget\" data-widget_type=\"heading.default\">\n\t\t\t\t\t<h2 class=\"elementor-heading-title elementor-size-default\">Experience seamless 4K streaming with 4KStreamGO<\/h2>\t\t\t\t<\/div>\n\t\t\t\t\t<\/div>\n\t\t\t\t<\/div>\n\t\t<div class=\"elementor-element elementor-element-40859d4 elementor-hidden-desktop e-flex e-con-boxed e-con e-parent\" data-id=\"40859d4\" data-element_type=\"container\" data-e-type=\"container\" data-settings=\"{&quot;background_background&quot;:&quot;gradient&quot;}\">\n\t\t\t\t\t<div class=\"e-con-inner\">\n\t\t\t\t<div class=\"elementor-element elementor-element-1e2d43d elementor-widget elementor-widget-image\" data-id=\"1e2d43d\" data-element_type=\"widget\" data-e-type=\"widget\" data-widget_type=\"image.default\">\n\t\t\t\t\t\t\t\t\t\t\t\t\t\t\t<img decoding=\"async\" width=\"300\" height=\"209\" src=\"https:\/\/4kstreamgo.com\/wp-content\/uploads\/2026\/03\/ChatGPT-Image-Mar-21-2026-01_50_13-AM-300x209.png\" class=\"attachment-medium size-medium wp-image-977\" alt=\"\" srcset=\"https:\/\/4kstreamgo.com\/wp-content\/uploads\/2026\/03\/ChatGPT-Image-Mar-21-2026-01_50_13-AM-300x209.png 300w, https:\/\/4kstreamgo.com\/wp-content\/uploads\/2026\/03\/ChatGPT-Image-Mar-21-2026-01_50_13-AM-600x418.png 600w, https:\/\/4kstreamgo.com\/wp-content\/uploads\/2026\/03\/ChatGPT-Image-Mar-21-2026-01_50_13-AM.png 611w\" sizes=\"(max-width: 300px) 100vw, 300px\" \/>\t\t\t\t\t\t\t\t\t\t\t\t\t\t\t<\/div>\n\t\t\t\t<div class=\"elementor-element elementor-element-5306b31 elementor-widget elementor-widget-heading\" data-id=\"5306b31\" data-element_type=\"widget\" data-e-type=\"widget\" data-widget_type=\"heading.default\">\n\t\t\t\t\t<h2 class=\"elementor-heading-title elementor-size-default\">Experience seamless 4K streaming with 4KStreamGO<\/h2>\t\t\t\t<\/div>\n\t\t\t\t\t<\/div>\n\t\t\t\t<\/div>\n\t\t<div class=\"elementor-element elementor-element-47ccca2 e-flex e-con-boxed e-con e-parent\" data-id=\"47ccca2\" data-element_type=\"container\" data-e-type=\"container\" data-settings=\"{&quot;background_background&quot;:&quot;gradient&quot;}\">\n\t\t\t\t\t<div class=\"e-con-inner\">\n\t\t\t\t\t<\/div>\n\t\t\t\t<\/div>\n\t\t\t\t<\/div>","protected":false},"excerpt":{"rendered":"<p>Watch IP TV anywhere, anytime more than 22,500 live TV channels. Watch IPTV anywhere, anytime. Enjoy the best IPTV Nordic service at affordable prices! Register now and get access to over 22,500+ live TV channels worldwide and 120,000 movies and series VODs EPG, which works on all your favorite devices. Free trial Watch IP TV [&hellip;]<\/p>\n","protected":false},"author":1,"featured_media":0,"parent":0,"menu_order":0,"comment_status":"closed","ping_status":"closed","template":"","meta":{"footnotes":""},"class_list":["post-258","page","type-page","status-publish","hentry"],"yoast_head":"<!-- This site is optimized with the Yoast SEO plugin v27.6 - https:\/\/yoast.com\/product\/yoast-seo-wordpress\/ -->\n<title>Products -<\/title>\n<meta name=\"robots\" content=\"index, follow, max-snippet:-1, max-image-preview:large, max-video-preview:-1\" \/>\n<link rel=\"canonical\" href=\"https:\/\/4kstreamgo.com\/de\/products\/\" \/>\n<meta property=\"og:locale\" content=\"de_DE\" \/>\n<meta property=\"og:type\" content=\"article\" \/>\n<meta property=\"og:title\" content=\"Products -\" \/>\n<meta property=\"og:description\" content=\"Watch IP TV anywhere, anytime more than 22,500 live TV channels. Watch IPTV anywhere, anytime. Enjoy the best IPTV Nordic service at affordable prices! Register now and get access to over 22,500+ live TV channels worldwide and 120,000 movies and series VODs EPG, which works on all your favorite devices. Free trial Watch IP TV [&hellip;]\" \/>\n<meta property=\"og:url\" content=\"https:\/\/4kstreamgo.com\/de\/products\/\" \/>\n<meta property=\"article:modified_time\" content=\"2026-05-04T16:35:02+00:00\" \/>\n<meta property=\"og:image\" content=\"https:\/\/4kstreamgo.com\/wp-content\/uploads\/2026\/03\/table.jpeg\" \/>\n<meta name=\"twitter:card\" content=\"summary_large_image\" \/>\n<meta name=\"twitter:label1\" content=\"Gesch\u00e4tzte Lesezeit\" \/>\n\t<meta name=\"twitter:data1\" content=\"1\u00a0Minute\" \/>\n<script type=\"application\/ld+json\" class=\"yoast-schema-graph\">{\"@context\":\"https:\\\/\\\/schema.org\",\"@graph\":[{\"@type\":\"WebPage\",\"@id\":\"https:\\\/\\\/4kstreamgo.com\\\/products\\\/\",\"url\":\"https:\\\/\\\/4kstreamgo.com\\\/products\\\/\",\"name\":\"Products -\",\"isPartOf\":{\"@id\":\"https:\\\/\\\/4kstreamgo.com\\\/#website\"},\"primaryImageOfPage\":{\"@id\":\"https:\\\/\\\/4kstreamgo.com\\\/products\\\/#primaryimage\"},\"image\":{\"@id\":\"https:\\\/\\\/4kstreamgo.com\\\/products\\\/#primaryimage\"},\"thumbnailUrl\":\"https:\\\/\\\/4kstreamgo.com\\\/wp-content\\\/uploads\\\/2026\\\/03\\\/table.jpeg\",\"datePublished\":\"2026-03-18T02:04:48+00:00\",\"dateModified\":\"2026-05-04T16:35:02+00:00\",\"breadcrumb\":{\"@id\":\"https:\\\/\\\/4kstreamgo.com\\\/products\\\/#breadcrumb\"},\"inLanguage\":\"de\",\"potentialAction\":[{\"@type\":\"ReadAction\",\"target\":[\"https:\\\/\\\/4kstreamgo.com\\\/products\\\/\"]}]},{\"@type\":\"ImageObject\",\"inLanguage\":\"de\",\"@id\":\"https:\\\/\\\/4kstreamgo.com\\\/products\\\/#primaryimage\",\"url\":\"https:\\\/\\\/4kstreamgo.com\\\/wp-content\\\/uploads\\\/2026\\\/03\\\/table.jpeg\",\"contentUrl\":\"https:\\\/\\\/4kstreamgo.com\\\/wp-content\\\/uploads\\\/2026\\\/03\\\/table.jpeg\"},{\"@type\":\"BreadcrumbList\",\"@id\":\"https:\\\/\\\/4kstreamgo.com\\\/products\\\/#breadcrumb\",\"itemListElement\":[{\"@type\":\"ListItem\",\"position\":1,\"name\":\"Home\",\"item\":\"https:\\\/\\\/4kstreamgo.com\\\/\"},{\"@type\":\"ListItem\",\"position\":2,\"name\":\"Products\"}]},{\"@type\":\"WebSite\",\"@id\":\"https:\\\/\\\/4kstreamgo.com\\\/#website\",\"url\":\"https:\\\/\\\/4kstreamgo.com\\\/\",\"name\":\"4KStreamGO\",\"description\":\"\",\"publisher\":{\"@id\":\"https:\\\/\\\/4kstreamgo.com\\\/#organization\"},\"potentialAction\":[{\"@type\":\"SearchAction\",\"target\":{\"@type\":\"EntryPoint\",\"urlTemplate\":\"https:\\\/\\\/4kstreamgo.com\\\/?s={search_term_string}\"},\"query-input\":{\"@type\":\"PropertyValueSpecification\",\"valueRequired\":true,\"valueName\":\"search_term_string\"}}],\"inLanguage\":\"de\"},{\"@type\":\"Organization\",\"@id\":\"https:\\\/\\\/4kstreamgo.com\\\/#organization\",\"name\":\"4KStreamGO\",\"url\":\"https:\\\/\\\/4kstreamgo.com\\\/\",\"logo\":{\"@type\":\"ImageObject\",\"inLanguage\":\"de\",\"@id\":\"https:\\\/\\\/4kstreamgo.com\\\/#\\\/schema\\\/logo\\\/image\\\/\",\"url\":\"https:\\\/\\\/4kstreamgo.com\\\/wp-content\\\/uploads\\\/2026\\\/03\\\/ChatGPT-Image-Mar-21-2026-01_50_13-AM.png\",\"contentUrl\":\"https:\\\/\\\/4kstreamgo.com\\\/wp-content\\\/uploads\\\/2026\\\/03\\\/ChatGPT-Image-Mar-21-2026-01_50_13-AM.png\",\"width\":611,\"height\":426,\"caption\":\"4KStreamGO\"},\"image\":{\"@id\":\"https:\\\/\\\/4kstreamgo.com\\\/#\\\/schema\\\/logo\\\/image\\\/\"}}]}<\/script>\n<!-- \/ Yoast SEO plugin. -->","yoast_head_json":{"title":"Products -","robots":{"index":"index","follow":"follow","max-snippet":"max-snippet:-1","max-image-preview":"max-image-preview:large","max-video-preview":"max-video-preview:-1"},"canonical":"https:\/\/4kstreamgo.com\/de\/products\/","og_locale":"de_DE","og_type":"article","og_title":"Products -","og_description":"Watch IP TV anywhere, anytime more than 22,500 live TV channels. Watch IPTV anywhere, anytime. Enjoy the best IPTV Nordic service at affordable prices! Register now and get access to over 22,500+ live TV channels worldwide and 120,000 movies and series VODs EPG, which works on all your favorite devices. Free trial Watch IP TV [&hellip;]","og_url":"https:\/\/4kstreamgo.com\/de\/products\/","article_modified_time":"2026-05-04T16:35:02+00:00","og_image":[{"url":"https:\/\/4kstreamgo.com\/wp-content\/uploads\/2026\/03\/table.jpeg","type":"","width":"","height":""}],"twitter_card":"summary_large_image","twitter_misc":{"Gesch\u00e4tzte Lesezeit":"1\u00a0Minute"},"schema":{"@context":"https:\/\/schema.org","@graph":[{"@type":"WebPage","@id":"https:\/\/4kstreamgo.com\/products\/","url":"https:\/\/4kstreamgo.com\/products\/","name":"Products -","isPartOf":{"@id":"https:\/\/4kstreamgo.com\/#website"},"primaryImageOfPage":{"@id":"https:\/\/4kstreamgo.com\/products\/#primaryimage"},"image":{"@id":"https:\/\/4kstreamgo.com\/products\/#primaryimage"},"thumbnailUrl":"https:\/\/4kstreamgo.com\/wp-content\/uploads\/2026\/03\/table.jpeg","datePublished":"2026-03-18T02:04:48+00:00","dateModified":"2026-05-04T16:35:02+00:00","breadcrumb":{"@id":"https:\/\/4kstreamgo.com\/products\/#breadcrumb"},"inLanguage":"de","potentialAction":[{"@type":"ReadAction","target":["https:\/\/4kstreamgo.com\/products\/"]}]},{"@type":"ImageObject","inLanguage":"de","@id":"https:\/\/4kstreamgo.com\/products\/#primaryimage","url":"https:\/\/4kstreamgo.com\/wp-content\/uploads\/2026\/03\/table.jpeg","contentUrl":"https:\/\/4kstreamgo.com\/wp-content\/uploads\/2026\/03\/table.jpeg"},{"@type":"BreadcrumbList","@id":"https:\/\/4kstreamgo.com\/products\/#breadcrumb","itemListElement":[{"@type":"ListItem","position":1,"name":"Home","item":"https:\/\/4kstreamgo.com\/"},{"@type":"ListItem","position":2,"name":"Products"}]},{"@type":"WebSite","@id":"https:\/\/4kstreamgo.com\/#website","url":"https:\/\/4kstreamgo.com\/","name":"4KStreamGO","description":"","publisher":{"@id":"https:\/\/4kstreamgo.com\/#organization"},"potentialAction":[{"@type":"SearchAction","target":{"@type":"EntryPoint","urlTemplate":"https:\/\/4kstreamgo.com\/?s={search_term_string}"},"query-input":{"@type":"PropertyValueSpecification","valueRequired":true,"valueName":"search_term_string"}}],"inLanguage":"de"},{"@type":"Organization","@id":"https:\/\/4kstreamgo.com\/#organization","name":"4KStreamGO","url":"https:\/\/4kstreamgo.com\/","logo":{"@type":"ImageObject","inLanguage":"de","@id":"https:\/\/4kstreamgo.com\/#\/schema\/logo\/image\/","url":"https:\/\/4kstreamgo.com\/wp-content\/uploads\/2026\/03\/ChatGPT-Image-Mar-21-2026-01_50_13-AM.png","contentUrl":"https:\/\/4kstreamgo.com\/wp-content\/uploads\/2026\/03\/ChatGPT-Image-Mar-21-2026-01_50_13-AM.png","width":611,"height":426,"caption":"4KStreamGO"},"image":{"@id":"https:\/\/4kstreamgo.com\/#\/schema\/logo\/image\/"}}]}},"jetpack_sharing_enabled":true,"_links":{"self":[{"href":"https:\/\/4kstreamgo.com\/de\/wp-json\/wp\/v2\/pages\/258","targetHints":{"allow":["GET"]}}],"collection":[{"href":"https:\/\/4kstreamgo.com\/de\/wp-json\/wp\/v2\/pages"}],"about":[{"href":"https:\/\/4kstreamgo.com\/de\/wp-json\/wp\/v2\/types\/page"}],"author":[{"embeddable":true,"href":"https:\/\/4kstreamgo.com\/de\/wp-json\/wp\/v2\/users\/1"}],"replies":[{"embeddable":true,"href":"https:\/\/4kstreamgo.com\/de\/wp-json\/wp\/v2\/comments?post=258"}],"version-history":[{"count":32,"href":"https:\/\/4kstreamgo.com\/de\/wp-json\/wp\/v2\/pages\/258\/revisions"}],"predecessor-version":[{"id":1987,"href":"https:\/\/4kstreamgo.com\/de\/wp-json\/wp\/v2\/pages\/258\/revisions\/1987"}],"wp:attachment":[{"href":"https:\/\/4kstreamgo.com\/de\/wp-json\/wp\/v2\/media?parent=258"}],"curies":[{"name":"wp","href":"https:\/\/api.w.org\/{rel}","templated":true}]}}